{"id":1805,"date":"2024-10-21T13:37:24","date_gmt":"2024-10-21T13:37:24","guid":{"rendered":"https:\/\/giragiradis.com\/?page_id=1805"},"modified":"2024-12-17T10:22:40","modified_gmt":"2024-12-17T10:22:40","slug":"avis-legal-privacitat-galetes","status":"publish","type":"page","link":"https:\/\/giragiradis.com\/val\/avis-legal-privacitat-galetes\/","title":{"rendered":"Av\u00eds legal | Privacitat | Galetes"},"content":{"rendered":"<div class=\"wpb-content-wrapper\">[vc_row][vc_column][vc_column_text css=&#8221;&#8221;]\n<div class=\"vc_row wpb_row vc_row-fluid gradient-container-1 vc_custom_1535465563714 vc_row-has-fill\">\n<div class=\"gradient-column-1 wpb_column vc_column_container vc_col-sm-12\">\n<div class=\"vc_column-inner\">\n<div class=\"wpb_wrapper\">\n<div class=\"wpb_text_column wpb_content_element \">\n<div class=\"wpb_wrapper\">\n<h1>AV\u00cdS LEGAL<\/h1>\n<p><strong>giragiradis.com<\/strong> (d&#8217;ara endavant la Web) \u00e9s un domini d&#8217;internet propietat de <strong>Trencadis Produccions S.L.<\/strong> amb domicili fiscal a:<\/p>\n<p><strong>Avinguda de les germanies 50 &#8211; Pis 2 4<\/strong><br \/>\n<strong>46760 Tavernes de la Valldigna<\/strong><br \/>\n<strong>Val\u00e8ncia, Espanya<\/strong><br \/>\n<strong>Tel\u00e8fon: 629101933<\/strong><br \/>\n<strong>NIF: B98479462<\/strong><\/p>\n<p><em><strong>Trencadis Produccions S.L.<\/strong> <\/em> posa a disposici\u00f3 de tots els usuaris el portal web, en els termes recollits en les seg\u00fcents condicions:<\/p>\n<p><strong>Primera.- Definici\u00f3 d&#8217;usuari.<\/strong><br \/>\nL&#8217;acc\u00e9s i\/o l&#8217;\u00fas de la web atorga a qui ho realitza la condici\u00f3 d&#8217;usuari de la mateixa, acceptant des d&#8217;aquest moment i sense reserva alguna les presents Condicions Generals, sense perjudici de les Condicions Particulars que poguera establir <strong>Trencadis Produccions S.L.<\/strong> per a la regulaci\u00f3 de determinats serveis i\/o continguts.<\/p>\n<p>En cas que l&#8217;usuari siga menor d&#8217;edat haur\u00e0 d&#8217;obtenir pr\u00e8viament perm\u00eds dels seus pares, tutors o representants legals, que seran considerats responsables, a tots els efectes, de tots els actes realitzats pels menors a c\u00e0rrec seu.<\/p>\n<p><strong>Segona.- Obligacions de l&#8217;usuari.<\/strong><br \/>\nL&#8217;usuari s&#8217;obliga a utilitzar la web conforme a la legalitat vigent, la bona fe, l&#8217;ordre p\u00fablic i els usos i costums generalment acceptats.<\/p>\n<p>Aix\u00ed mateix, l&#8217;usuari s&#8217;obliga a no utilitzar la web amb fins il\u00b7legals o perjudicials per als drets i\/o interessos de <strong>Trencadis Produccions S.L.<\/strong> i\/o tercers, i a no causar perjudicis ni impedir el normal funcionament de la web.<\/p>\n<p><strong>Tercera.- Responsabilitat de l&#8217;usuari.<\/strong><br \/>\nL&#8217;\u00fas que realitze l&#8217;usuari de la web ser\u00e0 responsabilitat \u00fanica i exclusiva d&#8217;aquest, mantenint en tot cas indemne a <strong>Trencadis Produccions S.L.<\/strong> de qualsevol dany i\/o perjudici que directament o indirectament, la no observaci\u00f3 de les presents Condicions Generals per part de l&#8217;usuari poguera ocasionar a l&#8217;usuari mateix o a tercers.<\/p>\n<p>En aquest sentit, <strong>Trencadis Produccions S.L.<\/strong> es reserva el dret a denegar l&#8217;acc\u00e9s i\/o \u00fas de la web o de qualsevol dels seus continguts i\/o serveis, a qualsevol usuari que haguera incomplert les presents Condicions Generals.<\/p>\n<p><strong>Quarta.- Responsabilitat de <strong>Trencadis Produccions S.L.<\/strong><\/strong><br \/>\nL&#8217;entitat no es fa responsable dels danys i\/o perjudicis de qualsevol naturalesa que poguera patir l&#8217;usuari o un tercer derivats de:<\/p>\n<p>(i) la falta de disponibilitat, manteniment o efectiu funcionament de la web, dels seus serveis o dels seus continguts;<\/p>\n<p>(ii) de la manca d&#8217;utilitat, veracitat, adequaci\u00f3 o validesa de la web, dels seus serveis o dels seus continguts per satisfer les necessitats o expectatives de l&#8217;usuari;<\/p>\n<p>(iii) que un tercer, incomplint les mesures de seguretat establides per <strong>Trencadis Produccions S.L.<\/strong>, utilitze la web, els seus continguts o serveis per a l&#8217;enviament de virus, o accedisca per a realitzar un tractament no autoritzat de les dades emmagatzemades per <strong>Trencadis Produccions S.L.<\/strong>;<\/p>\n<p>(iv) ni, en general, de qualsevol \u00fas de la web, els seus serveis i\/o continguts que poguera realitzar l&#8217;usuari o un tercer, en contra de les Condicions d&#8217;acc\u00e9s i \u00fas establides per <strong>Trencadis Produccions S.L.<\/strong>.<\/p>\n<p><strong>Cinquena.- Autoritzaci\u00f3 d&#8217;\u00fas dels continguts.<\/strong><br \/>\nEls continguts que <strong>Trencadis Produccions S.L.<\/strong> posa a disposici\u00f3 de l&#8217;usuari estan protegits pels drets de propietat intel\u00b7lectual necessaris i han sigut legalment cedits a efectes oportunos pels corresponents titulars dels mateixos.<\/p>\n<p><strong>Trencadis Produccions S.L.<\/strong> autoritza l&#8217;usuari a fer-ne \u00fas als fins expressament recollits en la web o en les presents Condicions Generals, quedant prohibida la reproducci\u00f3, distribuci\u00f3, modificaci\u00f3 o comunicaci\u00f3 p\u00fablica dels mateixos, total o parcial, excepte per als casos en qu\u00e8, pr\u00e8via sol\u00b7licitud, <strong>Trencadis Produccions S.L.<\/strong> accepte la seva reproducci\u00f3.<\/p>\n<p><strong>Sisena.- Tractament de dades personals.<\/strong><br \/>\n<strong>Trencadis Produccions S.L.<\/strong> t\u00e9 establerta una Pol\u00edtica de Privacitat que regula la recollida, emmagatzematge, tractament i \u00fas de les dades personals que l&#8217;usuari facilite a <strong>Trencadis Produccions S.L.<\/strong> En aquest sentit, l&#8217;entitat garanteix el compliment per part seva d&#8217;aquesta pol\u00edtica que pot ser consultada per l&#8217;usuari accedint a l&#8217;enlla\u00e7 Pol\u00edtica de Privacitat que apareix en la secci\u00f3 Informaci\u00f3.<\/p>\n<p><strong>Setena.- Directori d&#8217;enlla\u00e7os.<\/strong><br \/>\nEls dispositius d&#8217;enlla\u00e7 que <strong>Trencadis Produccions S.L.<\/strong> posa a disposici\u00f3 de l&#8217;usuari tenen com a \u00fanica finalitat facilitar l&#8217;acc\u00e9s a altres continguts i\/o serveis que pogueren ser del seu inter\u00e8s, no estant aquests gestionats ni controlats per <strong>Trencadis Produccions S.L.<\/strong> en relaci\u00f3 amb la legalitat, veracitat, utilitat, qualitat o fiabilitat dels continguts i\/o serveis que no estiguen directament gestionats o controlats per <strong>Trencadis Produccions S.L.<\/strong> tot i que aquests puguen ser accessibles a trav\u00e9s de la web.<\/p>\n<p><strong>Vuitena.- Modificaci\u00f3 i cancel\u00b7laci\u00f3 de les presents Condicions.<\/strong><br \/>\n<strong>Trencadis Produccions S.L.<\/strong> es reserva el dret a modificar total o parcialment la web, el seu disseny, continguts i\/o serveis, aix\u00ed com les presents Condicions quan aix\u00ed ho considere oport\u00fa.<\/p>\n<p>Igualment, <strong>Trencadis Produccions S.L.<\/strong> es reserva el dret a interrompre, suspendre temporalment o cancel\u00b7lar definitivament la web o qualsevol dels continguts i\/o serveis que l&#8217;integren, a la seva sola i entera discreci\u00f3.<br \/>\n[\/vc_column_text][\/vc_column][\/vc_row]\n<\/div>\n<\/div>\n<\/div>\n<\/div>\n<\/div>\n<\/div>\n<\/div>","protected":false},"excerpt":{"rendered":"[vc_row][vc_column][vc_column_text css=&#8221;&#8221;] AV\u00cdS LEGAL giragiradis.com (d&#8217;ara endavant la Web) \u00e9s un domini d&#8217;internet propietat de Trencadis Produccions S.L. amb domicili fiscal a: Avinguda de les germanies 50 &#8211; Pis 2 [&#8230;]\n","protected":false},"author":1,"featured_media":0,"parent":0,"menu_order":0,"comment_status":"closed","ping_status":"closed","template":"","meta":{"footnotes":""},"categories":[],"tags":[],"class_list":["post-1805","page","type-page","status-publish","hentry"],"yoast_head":"<!-- This site is optimized with the Yoast SEO plugin v27.3 - https:\/\/yoast.com\/product\/yoast-seo-wordpress\/ -->\n<title>Av\u00eds legal | Privacitat | Galetes &#8226; GIRAGIRA DISTRIBUCI\u00d3 TEATRAL<\/title>\n<meta name=\"robots\" content=\"index, follow, max-snippet:-1, max-image-preview:large, max-video-preview:-1\" \/>\n<link rel=\"canonical\" href=\"https:\/\/giragiradis.com\/val\/avis-legal-privacitat-galetes\/\" \/>\n<meta property=\"og:locale\" content=\"en_US\" \/>\n<meta property=\"og:type\" content=\"article\" \/>\n<meta property=\"og:title\" content=\"Av\u00eds legal | Privacitat | Galetes &#8226; GIRAGIRA DISTRIBUCI\u00d3 TEATRAL\" \/>\n<meta property=\"og:description\" content=\"[vc_row][vc_column][vc_column_text css=&#8221;&#8221;] AV\u00cdS LEGAL giragiradis.com (d&#8217;ara endavant la Web) \u00e9s un domini d&#8217;internet propietat de Trencadis Produccions S.L. amb domicili fiscal a: Avinguda de les germanies 50 &#8211; Pis 2 [...]\" \/>\n<meta property=\"og:url\" content=\"https:\/\/giragiradis.com\/val\/avis-legal-privacitat-galetes\/\" \/>\n<meta property=\"og:site_name\" content=\"GIRAGIRA DISTRIBUCI\u00d3 TEATRAL\" \/>\n<meta property=\"article:publisher\" content=\"https:\/\/www.facebook.com\/Trencadispro\/timeline\/\" \/>\n<meta property=\"article:modified_time\" content=\"2024-12-17T10:22:40+00:00\" \/>\n<meta property=\"og:image\" content=\"https:\/\/giragiradis.com\/wp-content\/uploads\/2024\/10\/LOGO-V2-Negre_Blau.png\" \/>\n\t<meta property=\"og:image:width\" content=\"1200\" \/>\n\t<meta property=\"og:image:height\" content=\"812\" \/>\n\t<meta property=\"og:image:type\" content=\"image\/png\" \/>\n<meta name=\"twitter:card\" content=\"summary_large_image\" \/>\n<meta name=\"twitter:label1\" content=\"Est. reading time\" \/>\n\t<meta name=\"twitter:data1\" content=\"4 minutes\" \/>\n<script type=\"application\/ld+json\" class=\"yoast-schema-graph\">{\"@context\":\"https:\\\/\\\/schema.org\",\"@graph\":[{\"@type\":\"WebPage\",\"@id\":\"https:\\\/\\\/giragiradis.com\\\/val\\\/avis-legal-privacitat-galetes\\\/\",\"url\":\"https:\\\/\\\/giragiradis.com\\\/val\\\/avis-legal-privacitat-galetes\\\/\",\"name\":\"Av\u00eds legal | Privacitat | Galetes &#8226; GIRAGIRA DISTRIBUCI\u00d3 TEATRAL\",\"isPartOf\":{\"@id\":\"https:\\\/\\\/giragiradis.com\\\/val\\\/#website\"},\"datePublished\":\"2024-10-21T13:37:24+00:00\",\"dateModified\":\"2024-12-17T10:22:40+00:00\",\"breadcrumb\":{\"@id\":\"https:\\\/\\\/giragiradis.com\\\/val\\\/avis-legal-privacitat-galetes\\\/#breadcrumb\"},\"inLanguage\":\"val\",\"potentialAction\":[{\"@type\":\"ReadAction\",\"target\":[\"https:\\\/\\\/giragiradis.com\\\/val\\\/avis-legal-privacitat-galetes\\\/\"]}]},{\"@type\":\"BreadcrumbList\",\"@id\":\"https:\\\/\\\/giragiradis.com\\\/val\\\/avis-legal-privacitat-galetes\\\/#breadcrumb\",\"itemListElement\":[{\"@type\":\"ListItem\",\"position\":1,\"name\":\"Portada\",\"item\":\"https:\\\/\\\/giragiradis.com\\\/val\\\/\"},{\"@type\":\"ListItem\",\"position\":2,\"name\":\"Av\u00eds legal | Privacitat | Galetes\"}]},{\"@type\":\"WebSite\",\"@id\":\"https:\\\/\\\/giragiradis.com\\\/val\\\/#website\",\"url\":\"https:\\\/\\\/giragiradis.com\\\/val\\\/\",\"name\":\"GIRAGIRA Distribuci\u00f3 Teatral\",\"description\":\"Teatre musical infantil i familiar\",\"publisher\":{\"@id\":\"https:\\\/\\\/giragiradis.com\\\/val\\\/#organization\"},\"alternateName\":\"Distribuci\u00f3n de obras de teatro musicales, infantiles y familiares, en castellano, valenciano y catal\u00e1n. Descubre los mejores espect\u00e1culos teatrales con Trencad\u00eds, La Roda y Cashalada.\",\"potentialAction\":[{\"@type\":\"SearchAction\",\"target\":{\"@type\":\"EntryPoint\",\"urlTemplate\":\"https:\\\/\\\/giragiradis.com\\\/val\\\/?s={search_term_string}\"},\"query-input\":{\"@type\":\"PropertyValueSpecification\",\"valueRequired\":true,\"valueName\":\"search_term_string\"}}],\"inLanguage\":\"val\"},{\"@type\":\"Organization\",\"@id\":\"https:\\\/\\\/giragiradis.com\\\/val\\\/#organization\",\"name\":\"Giragira distribuci\u00f3n teatral\",\"url\":\"https:\\\/\\\/giragiradis.com\\\/val\\\/\",\"logo\":{\"@type\":\"ImageObject\",\"inLanguage\":\"val\",\"@id\":\"https:\\\/\\\/giragiradis.com\\\/val\\\/#\\\/schema\\\/logo\\\/image\\\/\",\"url\":\"https:\\\/\\\/giragiradis.com\\\/wp-content\\\/uploads\\\/2024\\\/10\\\/LOGO-V2-Negre_Blau.png\",\"contentUrl\":\"https:\\\/\\\/giragiradis.com\\\/wp-content\\\/uploads\\\/2024\\\/10\\\/LOGO-V2-Negre_Blau.png\",\"width\":1200,\"height\":812,\"caption\":\"Giragira distribuci\u00f3n teatral\"},\"image\":{\"@id\":\"https:\\\/\\\/giragiradis.com\\\/val\\\/#\\\/schema\\\/logo\\\/image\\\/\"},\"sameAs\":[\"https:\\\/\\\/www.facebook.com\\\/Trencadispro\\\/timeline\\\/\",\"https:\\\/\\\/www.instagram.com\\\/trencadis.produccions\\\/\",\"https:\\\/\\\/www.youtube.com\\\/@giragiradis\"]}]}<\/script>\n<!-- \/ Yoast SEO plugin. -->","yoast_head_json":{"title":"Av\u00eds legal | Privacitat | Galetes &#8226; GIRAGIRA DISTRIBUCI\u00d3 TEATRAL","robots":{"index":"index","follow":"follow","max-snippet":"max-snippet:-1","max-image-preview":"max-image-preview:large","max-video-preview":"max-video-preview:-1"},"canonical":"https:\/\/giragiradis.com\/val\/avis-legal-privacitat-galetes\/","og_locale":"en_US","og_type":"article","og_title":"Av\u00eds legal | Privacitat | Galetes &#8226; GIRAGIRA DISTRIBUCI\u00d3 TEATRAL","og_description":"[vc_row][vc_column][vc_column_text css=&#8221;&#8221;] AV\u00cdS LEGAL giragiradis.com (d&#8217;ara endavant la Web) \u00e9s un domini d&#8217;internet propietat de Trencadis Produccions S.L. amb domicili fiscal a: Avinguda de les germanies 50 &#8211; Pis 2 [...]","og_url":"https:\/\/giragiradis.com\/val\/avis-legal-privacitat-galetes\/","og_site_name":"GIRAGIRA DISTRIBUCI\u00d3 TEATRAL","article_publisher":"https:\/\/www.facebook.com\/Trencadispro\/timeline\/","article_modified_time":"2024-12-17T10:22:40+00:00","og_image":[{"width":1200,"height":812,"url":"https:\/\/giragiradis.com\/wp-content\/uploads\/2024\/10\/LOGO-V2-Negre_Blau.png","type":"image\/png"}],"twitter_card":"summary_large_image","twitter_misc":{"Est. reading time":"4 minutes"},"schema":{"@context":"https:\/\/schema.org","@graph":[{"@type":"WebPage","@id":"https:\/\/giragiradis.com\/val\/avis-legal-privacitat-galetes\/","url":"https:\/\/giragiradis.com\/val\/avis-legal-privacitat-galetes\/","name":"Av\u00eds legal | Privacitat | Galetes &#8226; GIRAGIRA DISTRIBUCI\u00d3 TEATRAL","isPartOf":{"@id":"https:\/\/giragiradis.com\/val\/#website"},"datePublished":"2024-10-21T13:37:24+00:00","dateModified":"2024-12-17T10:22:40+00:00","breadcrumb":{"@id":"https:\/\/giragiradis.com\/val\/avis-legal-privacitat-galetes\/#breadcrumb"},"inLanguage":"val","potentialAction":[{"@type":"ReadAction","target":["https:\/\/giragiradis.com\/val\/avis-legal-privacitat-galetes\/"]}]},{"@type":"BreadcrumbList","@id":"https:\/\/giragiradis.com\/val\/avis-legal-privacitat-galetes\/#breadcrumb","itemListElement":[{"@type":"ListItem","position":1,"name":"Portada","item":"https:\/\/giragiradis.com\/val\/"},{"@type":"ListItem","position":2,"name":"Av\u00eds legal | Privacitat | Galetes"}]},{"@type":"WebSite","@id":"https:\/\/giragiradis.com\/val\/#website","url":"https:\/\/giragiradis.com\/val\/","name":"GIRAGIRA Distribuci\u00f3 Teatral","description":"Teatre musical infantil i familiar","publisher":{"@id":"https:\/\/giragiradis.com\/val\/#organization"},"alternateName":"Distribuci\u00f3n de obras de teatro musicales, infantiles y familiares, en castellano, valenciano y catal\u00e1n. Descubre los mejores espect\u00e1culos teatrales con Trencad\u00eds, La Roda y Cashalada.","potentialAction":[{"@type":"SearchAction","target":{"@type":"EntryPoint","urlTemplate":"https:\/\/giragiradis.com\/val\/?s={search_term_string}"},"query-input":{"@type":"PropertyValueSpecification","valueRequired":true,"valueName":"search_term_string"}}],"inLanguage":"val"},{"@type":"Organization","@id":"https:\/\/giragiradis.com\/val\/#organization","name":"Giragira distribuci\u00f3n teatral","url":"https:\/\/giragiradis.com\/val\/","logo":{"@type":"ImageObject","inLanguage":"val","@id":"https:\/\/giragiradis.com\/val\/#\/schema\/logo\/image\/","url":"https:\/\/giragiradis.com\/wp-content\/uploads\/2024\/10\/LOGO-V2-Negre_Blau.png","contentUrl":"https:\/\/giragiradis.com\/wp-content\/uploads\/2024\/10\/LOGO-V2-Negre_Blau.png","width":1200,"height":812,"caption":"Giragira distribuci\u00f3n teatral"},"image":{"@id":"https:\/\/giragiradis.com\/val\/#\/schema\/logo\/image\/"},"sameAs":["https:\/\/www.facebook.com\/Trencadispro\/timeline\/","https:\/\/www.instagram.com\/trencadis.produccions\/","https:\/\/www.youtube.com\/@giragiradis"]}]}},"_links":{"self":[{"href":"https:\/\/giragiradis.com\/val\/wp-json\/wp\/v2\/pages\/1805","targetHints":{"allow":["GET"]}}],"collection":[{"href":"https:\/\/giragiradis.com\/val\/wp-json\/wp\/v2\/pages"}],"about":[{"href":"https:\/\/giragiradis.com\/val\/wp-json\/wp\/v2\/types\/page"}],"author":[{"embeddable":true,"href":"https:\/\/giragiradis.com\/val\/wp-json\/wp\/v2\/users\/1"}],"replies":[{"embeddable":true,"href":"https:\/\/giragiradis.com\/val\/wp-json\/wp\/v2\/comments?post=1805"}],"version-history":[{"count":1,"href":"https:\/\/giragiradis.com\/val\/wp-json\/wp\/v2\/pages\/1805\/revisions"}],"predecessor-version":[{"id":1806,"href":"https:\/\/giragiradis.com\/val\/wp-json\/wp\/v2\/pages\/1805\/revisions\/1806"}],"wp:attachment":[{"href":"https:\/\/giragiradis.com\/val\/wp-json\/wp\/v2\/media?parent=1805"}],"wp:term":[{"taxonomy":"category","embeddable":true,"href":"https:\/\/giragiradis.com\/val\/wp-json\/wp\/v2\/categories?post=1805"},{"taxonomy":"post_tag","embeddable":true,"href":"https:\/\/giragiradis.com\/val\/wp-json\/wp\/v2\/tags?post=1805"}],"curies":[{"name":"wp","href":"https:\/\/api.w.org\/{rel}","templated":true}]}}