{"id":1632,"date":"2024-10-21T14:30:58","date_gmt":"2024-10-21T14:30:58","guid":{"rendered":"https:\/\/giragiradis.com\/?page_id=1632"},"modified":"2025-03-31T14:19:04","modified_gmt":"2025-03-31T14:19:04","slug":"contacte","status":"publish","type":"page","link":"https:\/\/giragiradis.com\/val\/contacte\/","title":{"rendered":"Contacte"},"content":{"rendered":"<div class=\"wpb-content-wrapper\">[vc_row css=&#8221;.vc_custom_1729868429728{padding-top: 5% !important;padding-bottom: 8% !important;}&#8221;][vc_column width=&#8221;1\/6&#8243;][\/vc_column][vc_column width=&#8221;2\/3&#8243;][vc_column_text css=&#8221;.vc_custom_1733920131975{padding-bottom: 4% !important;}&#8221;]\n<h1 style=\"text-align: left;\">Contacte<\/h1>\n[\/vc_column_text][vc_column_text css=&#8221;&#8221;]\n<p style=\"text-align: justify;\">Giragira \u00e9s la plataforma de distribuci\u00f3 d&#8217;arts esc\u00e8niques creada pel equip de Trencad\u00eds, per articular la venda d&#8217;espectacles propis i d&#8217;altres companyies. Amb Mar\u00eda Peir\u00f3 al departament de distribuci\u00f3, Laura Borr\u00e0s a administraci\u00f3 i la coordinaci\u00f3 de Josep Moll\u00e0, Giragira arranca amb les obres de Trencad\u00eds Produccions, La Roda Produccions i Cashalada <em>Cia<\/em>.<\/p>\n[\/vc_column_text][vc_empty_space height=&#8221;32px&#8221;][vc_empty_space height=&#8221;32px&#8221;][vc_row_inner][vc_column_inner width=&#8221;1\/2&#8243;][vc_column_text css=&#8221;&#8221;]\n<h4 style=\"text-align: left;\"><span style=\"font-size: 150%;\">PRODUCCI\u00d3<\/span><\/h4>\n<p style=\"text-align: left;\"><span style=\"font-size: 150%;\">Josep Moll\u00e0: 696 812 907<\/span><br \/>\n<span style=\"font-size: 150%;\">josep@giragiradis.com<\/span><br \/>\n<span style=\"font-size: 150%;\">Laura Borr\u00e0s: 629 101 933<\/span><br \/>\n<span style=\"font-size: 150%;\">laura@giragiradis.com<\/span><\/p>\n[\/vc_column_text][\/vc_column_inner][vc_column_inner width=&#8221;1\/2&#8243;][vc_column_text css=&#8221;&#8221;]\n<h4 style=\"text-align: left;\"><span style=\"font-size: 150%;\">DISTRIBUCI\u00d3<\/span><\/h4>\n<p style=\"text-align: left;\"><span style=\"font-size: 150%;\">Maria Peir\u00f3: 690 707 893<\/span><br \/>\n<span style=\"font-size: 150%;\">maria@giragiradis.com<\/span><\/p>\n[\/vc_column_text][vc_empty_space height=&#8221;32px&#8221;]<div class=\"elegant-fancy-button-wrapper elegant-align-left\"><style type=\"text\/css\">.elegant-fancy-button-wrap.elegant-fancy-button-1 .elegant-fancy-button-link { color:#FFFFFF !important;--color:#ffffff !important; border-color:#FFFFFF;--border-color:#4575A5}.elegant-fancy-button-wrap.elegant-fancy-button-1 .elegant-fancy-button-link:hover { color:#ffffff !important;}.elegant-fancy-button-wrap.elegant-fancy-button-1 .elegant-fancy-button-link.elegant-button-swipe:before{ background:#4575A5;}<\/style><div class=\"elegant-fancy-button-wrap elegant-fancy-button-1\" style=\"margin:0px 0px 0px 0px;\"><a class=\"elegant-fancy-button-link elegant-button-swipe elegant-button-round elegant-button-medium elegant-fancy-button-icon-left\" style=\"font-size:18px;line-height: 1em;\" href=\"https:\/\/giragiradis.com\/val\/qui-som\/\">M\u00e9s sobre nosaltres<\/a><\/div><\/div>[\/vc_column_inner][\/vc_row_inner][vc_empty_space height=&#8221;32px&#8221;][\/vc_column][vc_column width=&#8221;1\/6&#8243;][\/vc_column][\/vc_row]\n<\/div>","protected":false},"excerpt":{"rendered":"[vc_row css=&#8221;.vc_custom_1729868429728{padding-top: 5% !important;padding-bottom: 8% !important;}&#8221;][vc_column width=&#8221;1\/6&#8243;][\/vc_column][vc_column width=&#8221;2\/3&#8243;][vc_column_text css=&#8221;.vc_custom_1733920131975{padding-bottom: 4% !important;}&#8221;] Contacte [\/vc_column_text][vc_column_text css=&#8221;&#8221;] Giragira \u00e9s la plataforma de distribuci\u00f3 d&#8217;arts esc\u00e8niques creada pel equip de Trencad\u00eds, per articular la [&#8230;]\n","protected":false},"author":1,"featured_media":0,"parent":0,"menu_order":0,"comment_status":"closed","ping_status":"closed","template":"page-blank.php","meta":{"footnotes":""},"categories":[],"tags":[],"class_list":["post-1632","page","type-page","status-publish","hentry"],"yoast_head":"<!-- This site is optimized with the Yoast SEO plugin v27.3 - https:\/\/yoast.com\/product\/yoast-seo-wordpress\/ -->\n<title>Contacte &#8226; GIRAGIRA DISTRIBUCI\u00d3 TEATRAL<\/title>\n<meta name=\"robots\" content=\"index, follow, max-snippet:-1, max-image-preview:large, max-video-preview:-1\" \/>\n<link rel=\"canonical\" href=\"https:\/\/giragiradis.com\/val\/contacte\/\" \/>\n<meta property=\"og:locale\" content=\"en_US\" \/>\n<meta property=\"og:type\" content=\"article\" \/>\n<meta property=\"og:title\" content=\"Contacte &#8226; GIRAGIRA DISTRIBUCI\u00d3 TEATRAL\" \/>\n<meta property=\"og:description\" content=\"[vc_row css=&#8221;.vc_custom_1729868429728{padding-top: 5% !important;padding-bottom: 8% !important;}&#8221;][vc_column width=&#8221;1\/6&#8243;][\/vc_column][vc_column width=&#8221;2\/3&#8243;][vc_column_text css=&#8221;.vc_custom_1733920131975{padding-bottom: 4% !important;}&#8221;] Contacte [\/vc_column_text][vc_column_text css=&#8221;&#8221;] Giragira \u00e9s la plataforma de distribuci\u00f3 d&#8217;arts esc\u00e8niques creada pel equip de Trencad\u00eds, per articular la [...]\" \/>\n<meta property=\"og:url\" content=\"https:\/\/giragiradis.com\/val\/contacte\/\" \/>\n<meta property=\"og:site_name\" content=\"GIRAGIRA DISTRIBUCI\u00d3 TEATRAL\" \/>\n<meta property=\"article:publisher\" content=\"https:\/\/www.facebook.com\/Trencadispro\/timeline\/\" \/>\n<meta property=\"article:modified_time\" content=\"2025-03-31T14:19:04+00:00\" \/>\n<meta property=\"og:image\" content=\"https:\/\/giragiradis.com\/wp-content\/uploads\/2024\/10\/LOGO-V2-Negre_Blau.png\" \/>\n\t<meta property=\"og:image:width\" content=\"1200\" \/>\n\t<meta property=\"og:image:height\" content=\"812\" \/>\n\t<meta property=\"og:image:type\" content=\"image\/png\" \/>\n<meta name=\"twitter:card\" content=\"summary_large_image\" \/>\n<meta name=\"twitter:label1\" content=\"Est. reading time\" \/>\n\t<meta name=\"twitter:data1\" content=\"1 minute\" \/>\n<script type=\"application\/ld+json\" class=\"yoast-schema-graph\">{\"@context\":\"https:\\\/\\\/schema.org\",\"@graph\":[{\"@type\":\"WebPage\",\"@id\":\"https:\\\/\\\/giragiradis.com\\\/val\\\/contacte\\\/\",\"url\":\"https:\\\/\\\/giragiradis.com\\\/val\\\/contacte\\\/\",\"name\":\"Contacte &#8226; GIRAGIRA DISTRIBUCI\u00d3 TEATRAL\",\"isPartOf\":{\"@id\":\"https:\\\/\\\/giragiradis.com\\\/val\\\/#website\"},\"datePublished\":\"2024-10-21T14:30:58+00:00\",\"dateModified\":\"2025-03-31T14:19:04+00:00\",\"breadcrumb\":{\"@id\":\"https:\\\/\\\/giragiradis.com\\\/val\\\/contacte\\\/#breadcrumb\"},\"inLanguage\":\"val\",\"potentialAction\":[{\"@type\":\"ReadAction\",\"target\":[\"https:\\\/\\\/giragiradis.com\\\/val\\\/contacte\\\/\"]}]},{\"@type\":\"BreadcrumbList\",\"@id\":\"https:\\\/\\\/giragiradis.com\\\/val\\\/contacte\\\/#breadcrumb\",\"itemListElement\":[{\"@type\":\"ListItem\",\"position\":1,\"name\":\"Portada\",\"item\":\"https:\\\/\\\/giragiradis.com\\\/val\\\/\"},{\"@type\":\"ListItem\",\"position\":2,\"name\":\"Contacte\"}]},{\"@type\":\"WebSite\",\"@id\":\"https:\\\/\\\/giragiradis.com\\\/val\\\/#website\",\"url\":\"https:\\\/\\\/giragiradis.com\\\/val\\\/\",\"name\":\"GIRAGIRA Distribuci\u00f3 Teatral\",\"description\":\"Teatre musical infantil i familiar\",\"publisher\":{\"@id\":\"https:\\\/\\\/giragiradis.com\\\/val\\\/#organization\"},\"alternateName\":\"Distribuci\u00f3n de obras de teatro musicales, infantiles y familiares, en castellano, valenciano y catal\u00e1n. Descubre los mejores espect\u00e1culos teatrales con Trencad\u00eds, La Roda y Cashalada.\",\"potentialAction\":[{\"@type\":\"SearchAction\",\"target\":{\"@type\":\"EntryPoint\",\"urlTemplate\":\"https:\\\/\\\/giragiradis.com\\\/val\\\/?s={search_term_string}\"},\"query-input\":{\"@type\":\"PropertyValueSpecification\",\"valueRequired\":true,\"valueName\":\"search_term_string\"}}],\"inLanguage\":\"val\"},{\"@type\":\"Organization\",\"@id\":\"https:\\\/\\\/giragiradis.com\\\/val\\\/#organization\",\"name\":\"Giragira distribuci\u00f3n teatral\",\"url\":\"https:\\\/\\\/giragiradis.com\\\/val\\\/\",\"logo\":{\"@type\":\"ImageObject\",\"inLanguage\":\"val\",\"@id\":\"https:\\\/\\\/giragiradis.com\\\/val\\\/#\\\/schema\\\/logo\\\/image\\\/\",\"url\":\"https:\\\/\\\/giragiradis.com\\\/wp-content\\\/uploads\\\/2024\\\/10\\\/LOGO-V2-Negre_Blau.png\",\"contentUrl\":\"https:\\\/\\\/giragiradis.com\\\/wp-content\\\/uploads\\\/2024\\\/10\\\/LOGO-V2-Negre_Blau.png\",\"width\":1200,\"height\":812,\"caption\":\"Giragira distribuci\u00f3n teatral\"},\"image\":{\"@id\":\"https:\\\/\\\/giragiradis.com\\\/val\\\/#\\\/schema\\\/logo\\\/image\\\/\"},\"sameAs\":[\"https:\\\/\\\/www.facebook.com\\\/Trencadispro\\\/timeline\\\/\",\"https:\\\/\\\/www.instagram.com\\\/trencadis.produccions\\\/\",\"https:\\\/\\\/www.youtube.com\\\/@giragiradis\"]}]}<\/script>\n<!-- \/ Yoast SEO plugin. -->","yoast_head_json":{"title":"Contacte &#8226; GIRAGIRA DISTRIBUCI\u00d3 TEATRAL","robots":{"index":"index","follow":"follow","max-snippet":"max-snippet:-1","max-image-preview":"max-image-preview:large","max-video-preview":"max-video-preview:-1"},"canonical":"https:\/\/giragiradis.com\/val\/contacte\/","og_locale":"en_US","og_type":"article","og_title":"Contacte &#8226; GIRAGIRA DISTRIBUCI\u00d3 TEATRAL","og_description":"[vc_row css=&#8221;.vc_custom_1729868429728{padding-top: 5% !important;padding-bottom: 8% !important;}&#8221;][vc_column width=&#8221;1\/6&#8243;][\/vc_column][vc_column width=&#8221;2\/3&#8243;][vc_column_text css=&#8221;.vc_custom_1733920131975{padding-bottom: 4% !important;}&#8221;] Contacte [\/vc_column_text][vc_column_text css=&#8221;&#8221;] Giragira \u00e9s la plataforma de distribuci\u00f3 d&#8217;arts esc\u00e8niques creada pel equip de Trencad\u00eds, per articular la [...]","og_url":"https:\/\/giragiradis.com\/val\/contacte\/","og_site_name":"GIRAGIRA DISTRIBUCI\u00d3 TEATRAL","article_publisher":"https:\/\/www.facebook.com\/Trencadispro\/timeline\/","article_modified_time":"2025-03-31T14:19:04+00:00","og_image":[{"width":1200,"height":812,"url":"https:\/\/giragiradis.com\/wp-content\/uploads\/2024\/10\/LOGO-V2-Negre_Blau.png","type":"image\/png"}],"twitter_card":"summary_large_image","twitter_misc":{"Est. reading time":"1 minute"},"schema":{"@context":"https:\/\/schema.org","@graph":[{"@type":"WebPage","@id":"https:\/\/giragiradis.com\/val\/contacte\/","url":"https:\/\/giragiradis.com\/val\/contacte\/","name":"Contacte &#8226; GIRAGIRA DISTRIBUCI\u00d3 TEATRAL","isPartOf":{"@id":"https:\/\/giragiradis.com\/val\/#website"},"datePublished":"2024-10-21T14:30:58+00:00","dateModified":"2025-03-31T14:19:04+00:00","breadcrumb":{"@id":"https:\/\/giragiradis.com\/val\/contacte\/#breadcrumb"},"inLanguage":"val","potentialAction":[{"@type":"ReadAction","target":["https:\/\/giragiradis.com\/val\/contacte\/"]}]},{"@type":"BreadcrumbList","@id":"https:\/\/giragiradis.com\/val\/contacte\/#breadcrumb","itemListElement":[{"@type":"ListItem","position":1,"name":"Portada","item":"https:\/\/giragiradis.com\/val\/"},{"@type":"ListItem","position":2,"name":"Contacte"}]},{"@type":"WebSite","@id":"https:\/\/giragiradis.com\/val\/#website","url":"https:\/\/giragiradis.com\/val\/","name":"GIRAGIRA Distribuci\u00f3 Teatral","description":"Teatre musical infantil i familiar","publisher":{"@id":"https:\/\/giragiradis.com\/val\/#organization"},"alternateName":"Distribuci\u00f3n de obras de teatro musicales, infantiles y familiares, en castellano, valenciano y catal\u00e1n. Descubre los mejores espect\u00e1culos teatrales con Trencad\u00eds, La Roda y Cashalada.","potentialAction":[{"@type":"SearchAction","target":{"@type":"EntryPoint","urlTemplate":"https:\/\/giragiradis.com\/val\/?s={search_term_string}"},"query-input":{"@type":"PropertyValueSpecification","valueRequired":true,"valueName":"search_term_string"}}],"inLanguage":"val"},{"@type":"Organization","@id":"https:\/\/giragiradis.com\/val\/#organization","name":"Giragira distribuci\u00f3n teatral","url":"https:\/\/giragiradis.com\/val\/","logo":{"@type":"ImageObject","inLanguage":"val","@id":"https:\/\/giragiradis.com\/val\/#\/schema\/logo\/image\/","url":"https:\/\/giragiradis.com\/wp-content\/uploads\/2024\/10\/LOGO-V2-Negre_Blau.png","contentUrl":"https:\/\/giragiradis.com\/wp-content\/uploads\/2024\/10\/LOGO-V2-Negre_Blau.png","width":1200,"height":812,"caption":"Giragira distribuci\u00f3n teatral"},"image":{"@id":"https:\/\/giragiradis.com\/val\/#\/schema\/logo\/image\/"},"sameAs":["https:\/\/www.facebook.com\/Trencadispro\/timeline\/","https:\/\/www.instagram.com\/trencadis.produccions\/","https:\/\/www.youtube.com\/@giragiradis"]}]}},"_links":{"self":[{"href":"https:\/\/giragiradis.com\/val\/wp-json\/wp\/v2\/pages\/1632","targetHints":{"allow":["GET"]}}],"collection":[{"href":"https:\/\/giragiradis.com\/val\/wp-json\/wp\/v2\/pages"}],"about":[{"href":"https:\/\/giragiradis.com\/val\/wp-json\/wp\/v2\/types\/page"}],"author":[{"embeddable":true,"href":"https:\/\/giragiradis.com\/val\/wp-json\/wp\/v2\/users\/1"}],"replies":[{"embeddable":true,"href":"https:\/\/giragiradis.com\/val\/wp-json\/wp\/v2\/comments?post=1632"}],"version-history":[{"count":7,"href":"https:\/\/giragiradis.com\/val\/wp-json\/wp\/v2\/pages\/1632\/revisions"}],"predecessor-version":[{"id":2394,"href":"https:\/\/giragiradis.com\/val\/wp-json\/wp\/v2\/pages\/1632\/revisions\/2394"}],"wp:attachment":[{"href":"https:\/\/giragiradis.com\/val\/wp-json\/wp\/v2\/media?parent=1632"}],"wp:term":[{"taxonomy":"category","embeddable":true,"href":"https:\/\/giragiradis.com\/val\/wp-json\/wp\/v2\/categories?post=1632"},{"taxonomy":"post_tag","embeddable":true,"href":"https:\/\/giragiradis.com\/val\/wp-json\/wp\/v2\/tags?post=1632"}],"curies":[{"name":"wp","href":"https:\/\/api.w.org\/{rel}","templated":true}]}}