{"id":1622,"date":"2024-10-21T14:30:47","date_gmt":"2024-10-21T14:30:47","guid":{"rendered":"https:\/\/giragiradis.com\/quienes-somos\/"},"modified":"2026-04-09T07:08:00","modified_gmt":"2026-04-09T07:08:00","slug":"qui-som","status":"publish","type":"page","link":"https:\/\/giragiradis.com\/val\/qui-som\/","title":{"rendered":"Trencad\u00eds, La Roda i Cashalada"},"content":{"rendered":"<div class=\"wpb-content-wrapper\">[vc_row css=&#8221;.vc_custom_1729868429728{padding-top: 5% !important;padding-bottom: 8% !important;}&#8221;][vc_column width=&#8221;1\/6&#8243;][\/vc_column][vc_column width=&#8221;2\/3&#8243;][vc_column_text css=&#8221;.vc_custom_1733919705708{padding-bottom: 4% !important;}&#8221;]\n<h1 style=\"text-align: center;\">Sobre nosaltres<\/h1>\n[\/vc_column_text][vc_column_text css=&#8221;&#8221;]\n<p style=\"text-align: justify;\">Giragira \u00e9s la plataforma de distribuci\u00f3 d&#8217;arts esc\u00e8niques creada pel equip de Trencad\u00eds, per articular la venda d&#8217;espectacles propis i d&#8217;altres companyies. Amb Mar\u00eda Peir\u00f3 al departament de distribuci\u00f3, Laura Borr\u00e0s a administraci\u00f3 i la coordinaci\u00f3 de Josep Moll\u00e0, Giragira arranca amb les obres de Trencad\u00eds Produccions, La Roda Produccions, Cashalada <em>Cia, <\/em>Xirriquiteula teatre i Teatre de l&#8217;Abast<\/p>\n[\/vc_column_text][vc_empty_space height=&#8221;32px&#8221;][vc_row_inner][vc_column_inner width=&#8221;1\/3&#8243;][vc_single_image image=&#8221;1456&#8243; alignment=&#8221;center&#8221; onclick=&#8221;custom_link&#8221; img_link_target=&#8221;_blank&#8221; css=&#8221;&#8221; img_size=&#8221;medium&#8221; link=&#8221;https:\/\/giragiradis.com\/val\/trencadis-produccions\/&#8221;][\/vc_column_inner][vc_column_inner width=&#8221;1\/3&#8243;][vc_single_image image=&#8221;1275&#8243; alignment=&#8221;center&#8221; onclick=&#8221;custom_link&#8221; img_link_target=&#8221;_blank&#8221; css=&#8221;&#8221; img_size=&#8221;medium&#8221; link=&#8221;https:\/\/giragiradis.com\/val\/cashalada\/&#8221;][\/vc_column_inner][vc_column_inner width=&#8221;1\/3&#8243;][vc_single_image image=&#8221;1276&#8243; alignment=&#8221;center&#8221; onclick=&#8221;custom_link&#8221; css=&#8221;&#8221; img_size=&#8221;medium&#8221; link=&#8221;https:\/\/giragiradis.com\/val\/la-roda\/&#8221;][\/vc_column_inner][\/vc_row_inner][vc_row_inner][vc_column_inner width=&#8221;1\/3&#8243;][vc_single_image image=&#8221;3392&#8243; alignment=&#8221;center&#8221; onclick=&#8221;custom_link&#8221; img_link_target=&#8221;_blank&#8221; css=&#8221;&#8221; img_size=&#8221;medium&#8221; link=&#8221;https:\/\/giragiradis.com\/val\/trencadis-produccions\/&#8221;][\/vc_column_inner][vc_column_inner width=&#8221;1\/3&#8243;][vc_single_image image=&#8221;3343&#8243; alignment=&#8221;center&#8221; onclick=&#8221;custom_link&#8221; img_link_target=&#8221;_blank&#8221; css=&#8221;&#8221; img_size=&#8221;medium&#8221; link=&#8221;https:\/\/giragiradis.com\/val\/cashalada\/&#8221;][\/vc_column_inner][\/vc_row_inner][vc_empty_space height=&#8221;32px&#8221;][vc_column_text css=&#8221;&#8221;]<a href=\"#trencadis\"><img loading=\"lazy\" decoding=\"async\" class=\"aligncenter wp-image-605\" src=\"https:\/\/giragiradis.com\/wp-content\/uploads\/2024\/11\/GIRA-GIRA-300x300.png\" alt=\"\" width=\"152\" height=\"155\" \/><\/a>[\/vc_column_text][vc_empty_space height=&#8221;32px&#8221;][\/vc_column][vc_column width=&#8221;1\/6&#8243;][\/vc_column][\/vc_row][vc_row css=&#8221;.vc_custom_1732034101354{padding-top: 5% !important;padding-bottom: 8% !important;}&#8221; el_id=&#8221;trencadis&#8221;][vc_column width=&#8221;1\/6&#8243;][\/vc_column][vc_column width=&#8221;2\/3&#8243;][vc_column_text css=&#8221;.vc_custom_1733919763574{padding-bottom: 4% !important;}&#8221;]\n<h1 style=\"text-align: center;\">Trencad\u00eds<\/h1>\n[\/vc_column_text][vc_column_text css=&#8221;&#8221;]\n<p style=\"text-align: justify;\"><span style=\"font-weight: 400;\">Trencad\u00eds Produccions naix en 2013 amb una clara vocaci\u00f3 de creaci\u00f3 de nous p\u00fablics, entre els m\u00e9s petits a trav\u00e9s del teatre musical. Amb les seves primeres propostes tracta de fer-se un forat com a opci\u00f3 de format mitj\u00e0-gran, amb la qualitat art\u00edstica i t\u00e8cnica necess\u00e0ries, perqu\u00e8 els nens i nenes del segle XXI aixequen la vista de les pantalles i s&#8217;acostin al teatre. Sota la direcci\u00f3 de Jose Tom\u00e0s Ch\u00e0fer i amb textos i lletres de Josep Moll\u00e0, Trencad\u00eds suma nou estrenes, quatre premis dels Premis de Teatre Musical, divuit guardons dels Premis Broadwayworld Spain, un reconeixement dels Premis de Teatre de Rojas de Toledo, quatre recomanacions per la Xarxa Nacional de Teatres i tres candidatures als Premis Max.<\/span><\/p>\n[\/vc_column_text][vc_empty_space height=&#8221;32px&#8221;][vc_column_text css=&#8221;&#8221;]<a href=\"#cashalada\"><img loading=\"lazy\" decoding=\"async\" class=\"aligncenter wp-image-605\" src=\"https:\/\/giragiradis.com\/wp-content\/uploads\/2024\/11\/GIRA-GIRA-300x300.png\" alt=\"\" width=\"152\" height=\"155\" \/><\/a>[\/vc_column_text][vc_empty_space height=&#8221;32px&#8221;][\/vc_column][vc_column width=&#8221;1\/6&#8243;][\/vc_column][\/vc_row][vc_row css=&#8221;.vc_custom_1732034162133{padding-top: 5% !important;padding-bottom: 8% !important;}&#8221; el_id=&#8221;cashalada&#8221;][vc_column width=&#8221;1\/6&#8243;][\/vc_column][vc_column width=&#8221;2\/3&#8243;][vc_column_text css=&#8221;.vc_custom_1733919819532{padding-bottom: 4% !important;}&#8221;]\n<h1 style=\"text-align: center;\">Cashalada<\/h1>\n[\/vc_column_text][vc_column_text css=&#8221;&#8221;]\n<p style=\"text-align: justify;\">Noelia P\u00e9rez i Josep Zapater, s\u00f3n dos artistes multidisciplinaris amb m\u00e9s de 30 anys de traject\u00f2ria professional. El 2015 decideixen unir el seu talent i formen la seva pr\u00f2pia companyia, recollint \u00e8xits i premis des del seu primer espectacle, \u201cTwo Ladies or not Two Ladies\u201d, enamorant la cr\u00edtica i el p\u00fablic i definint una manera de fer i d&#8217;entendre la m\u00fasica, la interpretaci\u00f3 i l&#8217;art. Cashalada cia t\u00e9 el seu propi estudi de gravaci\u00f3 des d&#8217;on ofereixen diferents serveis.<\/p>\n[\/vc_column_text][vc_empty_space height=&#8221;32px&#8221;][vc_column_text css=&#8221;&#8221;]<a href=\"#roda\"><img loading=\"lazy\" decoding=\"async\" class=\"aligncenter wp-image-605\" src=\"https:\/\/giragiradis.com\/wp-content\/uploads\/2024\/11\/GIRA-GIRA-300x300.png\" alt=\"\" width=\"152\" height=\"155\" \/><\/a>[\/vc_column_text][vc_empty_space height=&#8221;32px&#8221;][\/vc_column][vc_column width=&#8221;1\/6&#8243;][\/vc_column][\/vc_row][vc_row css=&#8221;.vc_custom_1732034203132{padding-top: 5% !important;padding-bottom: 8% !important;}&#8221; el_id=&#8221;roda&#8221;][vc_column width=&#8221;1\/6&#8243;][\/vc_column][vc_column width=&#8221;2\/3&#8243;][vc_column_text css=&#8221;.vc_custom_1733919860492{padding-bottom: 4% !important;}&#8221;]\n<h1 style=\"text-align: center;\">La roda produccions<\/h1>\n[\/vc_column_text][vc_column_text css=&#8221;&#8221;]\n<p style=\"text-align: justify;\">LA RODA PRODUCCIONS \u00e9s una companyia d&#8217;espectacles familiars fundada el 2001 sota la direcci\u00f3 de Dani Cherta. El seu principal objectiu \u00e9s crear espectacles de gran qualitat (tant est\u00e8tica com teatral) per al p\u00fablic familiar, educant socialment i intel\u00b7lectualment nens i nenes sobre la base d&#8217;uns valors c\u00edvics, culturals i socials. Per\u00f2 el teatre tamb\u00e9 \u00e9s diversi\u00f3 i entreteniment; per aix\u00f2 els seus espectacles es creen amb la voluntat que els nens, per\u00f2 tamb\u00e9 els adults que els acompanyen, gaudeixin i participin de l&#8217;experi\u00e8ncia teatral. La quinzena d&#8217;espectacles creats per Dani Cherta i Jordi Gonz\u00e1lez, per La Roda, han girat per tot l&#8217;Estat espanyol.<\/p>\n[\/vc_column_text][vc_empty_space height=&#8221;32px&#8221;][vc_empty_space height=&#8221;32px&#8221;][\/vc_column][vc_column width=&#8221;1\/6&#8243;][\/vc_column][\/vc_row]\n<\/div>","protected":false},"excerpt":{"rendered":"[vc_row css=&#8221;.vc_custom_1729868429728{padding-top: 5% !important;padding-bottom: 8% !important;}&#8221;][vc_column width=&#8221;1\/6&#8243;][\/vc_column][vc_column width=&#8221;2\/3&#8243;][vc_column_text css=&#8221;.vc_custom_1733919705708{padding-bottom: 4% !important;}&#8221;] Sobre nosaltres [\/vc_column_text][vc_column_text css=&#8221;&#8221;] Giragira \u00e9s la plataforma de distribuci\u00f3 d&#8217;arts esc\u00e8niques creada pel equip de Trencad\u00eds, per articular [&#8230;]\n","protected":false},"author":1,"featured_media":0,"parent":0,"menu_order":0,"comment_status":"closed","ping_status":"closed","template":"page-blank.php","meta":{"footnotes":""},"categories":[],"tags":[],"class_list":["post-1622","page","type-page","status-publish","hentry"],"yoast_head":"<!-- This site is optimized with the Yoast SEO plugin v27.3 - https:\/\/yoast.com\/product\/yoast-seo-wordpress\/ -->\n<title>Trencad\u00eds, La Roda i Cashalada<\/title>\n<meta name=\"description\" content=\"Descobreix els millors espectacles amb Trencad\u00eds, La Roda i Cashalada. Distribuci\u00f3 d&#039;obres de teatre musicals infantils en castell\u00e0, valenci\u00e0 i catal\u00e0.\" \/>\n<meta name=\"robots\" content=\"index, follow, max-snippet:-1, max-image-preview:large, max-video-preview:-1\" \/>\n<link rel=\"canonical\" href=\"https:\/\/giragiradis.com\/val\/qui-som\/\" \/>\n<meta property=\"og:locale\" content=\"en_US\" \/>\n<meta property=\"og:type\" content=\"article\" \/>\n<meta property=\"og:title\" content=\"Trencad\u00eds, La Roda i Cashalada\" \/>\n<meta property=\"og:description\" content=\"Descobreix els millors espectacles amb Trencad\u00eds, La Roda i Cashalada. Distribuci\u00f3 d&#039;obres de teatre musicals infantils en castell\u00e0, valenci\u00e0 i catal\u00e0.\" \/>\n<meta property=\"og:url\" content=\"https:\/\/giragiradis.com\/val\/qui-som\/\" \/>\n<meta property=\"og:site_name\" content=\"GIRAGIRA DISTRIBUCI\u00d3 TEATRAL\" \/>\n<meta property=\"article:publisher\" content=\"https:\/\/www.facebook.com\/Trencadispro\/timeline\/\" \/>\n<meta property=\"article:modified_time\" content=\"2026-04-09T07:08:00+00:00\" \/>\n<meta property=\"og:image\" content=\"https:\/\/giragiradis.com\/wp-content\/uploads\/2024\/11\/GIRA-GIRA-300x300.png\" \/>\n<meta name=\"twitter:card\" content=\"summary_large_image\" \/>\n<meta name=\"twitter:label1\" content=\"Est. reading time\" \/>\n\t<meta name=\"twitter:data1\" content=\"4 minutes\" \/>\n<script type=\"application\/ld+json\" class=\"yoast-schema-graph\">{\"@context\":\"https:\\\/\\\/schema.org\",\"@graph\":[{\"@type\":\"WebPage\",\"@id\":\"https:\\\/\\\/giragiradis.com\\\/val\\\/qui-som\\\/\",\"url\":\"https:\\\/\\\/giragiradis.com\\\/val\\\/qui-som\\\/\",\"name\":\"Trencad\u00eds, La Roda i Cashalada\",\"isPartOf\":{\"@id\":\"https:\\\/\\\/giragiradis.com\\\/val\\\/#website\"},\"primaryImageOfPage\":{\"@id\":\"https:\\\/\\\/giragiradis.com\\\/val\\\/qui-som\\\/#primaryimage\"},\"image\":{\"@id\":\"https:\\\/\\\/giragiradis.com\\\/val\\\/qui-som\\\/#primaryimage\"},\"thumbnailUrl\":\"https:\\\/\\\/giragiradis.com\\\/wp-content\\\/uploads\\\/2024\\\/11\\\/GIRA-GIRA-300x300.png\",\"datePublished\":\"2024-10-21T14:30:47+00:00\",\"dateModified\":\"2026-04-09T07:08:00+00:00\",\"description\":\"Descobreix els millors espectacles amb Trencad\u00eds, La Roda i Cashalada. Distribuci\u00f3 d'obres de teatre musicals infantils en castell\u00e0, valenci\u00e0 i catal\u00e0.\",\"breadcrumb\":{\"@id\":\"https:\\\/\\\/giragiradis.com\\\/val\\\/qui-som\\\/#breadcrumb\"},\"inLanguage\":\"val\",\"potentialAction\":[{\"@type\":\"ReadAction\",\"target\":[\"https:\\\/\\\/giragiradis.com\\\/val\\\/qui-som\\\/\"]}]},{\"@type\":\"ImageObject\",\"inLanguage\":\"val\",\"@id\":\"https:\\\/\\\/giragiradis.com\\\/val\\\/qui-som\\\/#primaryimage\",\"url\":\"https:\\\/\\\/giragiradis.com\\\/wp-content\\\/uploads\\\/2024\\\/11\\\/GIRA-GIRA-300x300.png\",\"contentUrl\":\"https:\\\/\\\/giragiradis.com\\\/wp-content\\\/uploads\\\/2024\\\/11\\\/GIRA-GIRA-300x300.png\"},{\"@type\":\"BreadcrumbList\",\"@id\":\"https:\\\/\\\/giragiradis.com\\\/val\\\/qui-som\\\/#breadcrumb\",\"itemListElement\":[{\"@type\":\"ListItem\",\"position\":1,\"name\":\"Portada\",\"item\":\"https:\\\/\\\/giragiradis.com\\\/val\\\/\"},{\"@type\":\"ListItem\",\"position\":2,\"name\":\"Trencad\u00eds, La Roda i Cashalada\"}]},{\"@type\":\"WebSite\",\"@id\":\"https:\\\/\\\/giragiradis.com\\\/val\\\/#website\",\"url\":\"https:\\\/\\\/giragiradis.com\\\/val\\\/\",\"name\":\"GIRAGIRA Distribuci\u00f3 Teatral\",\"description\":\"Teatre musical infantil i familiar\",\"publisher\":{\"@id\":\"https:\\\/\\\/giragiradis.com\\\/val\\\/#organization\"},\"alternateName\":\"Distribuci\u00f3n de obras de teatro musicales, infantiles y familiares, en castellano, valenciano y catal\u00e1n. Descubre los mejores espect\u00e1culos teatrales con Trencad\u00eds, La Roda y Cashalada.\",\"potentialAction\":[{\"@type\":\"SearchAction\",\"target\":{\"@type\":\"EntryPoint\",\"urlTemplate\":\"https:\\\/\\\/giragiradis.com\\\/val\\\/?s={search_term_string}\"},\"query-input\":{\"@type\":\"PropertyValueSpecification\",\"valueRequired\":true,\"valueName\":\"search_term_string\"}}],\"inLanguage\":\"val\"},{\"@type\":\"Organization\",\"@id\":\"https:\\\/\\\/giragiradis.com\\\/val\\\/#organization\",\"name\":\"Giragira distribuci\u00f3n teatral\",\"url\":\"https:\\\/\\\/giragiradis.com\\\/val\\\/\",\"logo\":{\"@type\":\"ImageObject\",\"inLanguage\":\"val\",\"@id\":\"https:\\\/\\\/giragiradis.com\\\/val\\\/#\\\/schema\\\/logo\\\/image\\\/\",\"url\":\"https:\\\/\\\/giragiradis.com\\\/wp-content\\\/uploads\\\/2024\\\/10\\\/LOGO-V2-Negre_Blau.png\",\"contentUrl\":\"https:\\\/\\\/giragiradis.com\\\/wp-content\\\/uploads\\\/2024\\\/10\\\/LOGO-V2-Negre_Blau.png\",\"width\":1200,\"height\":812,\"caption\":\"Giragira distribuci\u00f3n teatral\"},\"image\":{\"@id\":\"https:\\\/\\\/giragiradis.com\\\/val\\\/#\\\/schema\\\/logo\\\/image\\\/\"},\"sameAs\":[\"https:\\\/\\\/www.facebook.com\\\/Trencadispro\\\/timeline\\\/\",\"https:\\\/\\\/www.instagram.com\\\/trencadis.produccions\\\/\",\"https:\\\/\\\/www.youtube.com\\\/@giragiradis\"]}]}<\/script>\n<!-- \/ Yoast SEO plugin. -->","yoast_head_json":{"title":"Trencad\u00eds, La Roda i Cashalada","description":"Descobreix els millors espectacles amb Trencad\u00eds, La Roda i Cashalada. Distribuci\u00f3 d'obres de teatre musicals infantils en castell\u00e0, valenci\u00e0 i catal\u00e0.","robots":{"index":"index","follow":"follow","max-snippet":"max-snippet:-1","max-image-preview":"max-image-preview:large","max-video-preview":"max-video-preview:-1"},"canonical":"https:\/\/giragiradis.com\/val\/qui-som\/","og_locale":"en_US","og_type":"article","og_title":"Trencad\u00eds, La Roda i Cashalada","og_description":"Descobreix els millors espectacles amb Trencad\u00eds, La Roda i Cashalada. Distribuci\u00f3 d'obres de teatre musicals infantils en castell\u00e0, valenci\u00e0 i catal\u00e0.","og_url":"https:\/\/giragiradis.com\/val\/qui-som\/","og_site_name":"GIRAGIRA DISTRIBUCI\u00d3 TEATRAL","article_publisher":"https:\/\/www.facebook.com\/Trencadispro\/timeline\/","article_modified_time":"2026-04-09T07:08:00+00:00","og_image":[{"url":"https:\/\/giragiradis.com\/wp-content\/uploads\/2024\/11\/GIRA-GIRA-300x300.png","type":"","width":"","height":""}],"twitter_card":"summary_large_image","twitter_misc":{"Est. reading time":"4 minutes"},"schema":{"@context":"https:\/\/schema.org","@graph":[{"@type":"WebPage","@id":"https:\/\/giragiradis.com\/val\/qui-som\/","url":"https:\/\/giragiradis.com\/val\/qui-som\/","name":"Trencad\u00eds, La Roda i Cashalada","isPartOf":{"@id":"https:\/\/giragiradis.com\/val\/#website"},"primaryImageOfPage":{"@id":"https:\/\/giragiradis.com\/val\/qui-som\/#primaryimage"},"image":{"@id":"https:\/\/giragiradis.com\/val\/qui-som\/#primaryimage"},"thumbnailUrl":"https:\/\/giragiradis.com\/wp-content\/uploads\/2024\/11\/GIRA-GIRA-300x300.png","datePublished":"2024-10-21T14:30:47+00:00","dateModified":"2026-04-09T07:08:00+00:00","description":"Descobreix els millors espectacles amb Trencad\u00eds, La Roda i Cashalada. Distribuci\u00f3 d'obres de teatre musicals infantils en castell\u00e0, valenci\u00e0 i catal\u00e0.","breadcrumb":{"@id":"https:\/\/giragiradis.com\/val\/qui-som\/#breadcrumb"},"inLanguage":"val","potentialAction":[{"@type":"ReadAction","target":["https:\/\/giragiradis.com\/val\/qui-som\/"]}]},{"@type":"ImageObject","inLanguage":"val","@id":"https:\/\/giragiradis.com\/val\/qui-som\/#primaryimage","url":"https:\/\/giragiradis.com\/wp-content\/uploads\/2024\/11\/GIRA-GIRA-300x300.png","contentUrl":"https:\/\/giragiradis.com\/wp-content\/uploads\/2024\/11\/GIRA-GIRA-300x300.png"},{"@type":"BreadcrumbList","@id":"https:\/\/giragiradis.com\/val\/qui-som\/#breadcrumb","itemListElement":[{"@type":"ListItem","position":1,"name":"Portada","item":"https:\/\/giragiradis.com\/val\/"},{"@type":"ListItem","position":2,"name":"Trencad\u00eds, La Roda i Cashalada"}]},{"@type":"WebSite","@id":"https:\/\/giragiradis.com\/val\/#website","url":"https:\/\/giragiradis.com\/val\/","name":"GIRAGIRA Distribuci\u00f3 Teatral","description":"Teatre musical infantil i familiar","publisher":{"@id":"https:\/\/giragiradis.com\/val\/#organization"},"alternateName":"Distribuci\u00f3n de obras de teatro musicales, infantiles y familiares, en castellano, valenciano y catal\u00e1n. Descubre los mejores espect\u00e1culos teatrales con Trencad\u00eds, La Roda y Cashalada.","potentialAction":[{"@type":"SearchAction","target":{"@type":"EntryPoint","urlTemplate":"https:\/\/giragiradis.com\/val\/?s={search_term_string}"},"query-input":{"@type":"PropertyValueSpecification","valueRequired":true,"valueName":"search_term_string"}}],"inLanguage":"val"},{"@type":"Organization","@id":"https:\/\/giragiradis.com\/val\/#organization","name":"Giragira distribuci\u00f3n teatral","url":"https:\/\/giragiradis.com\/val\/","logo":{"@type":"ImageObject","inLanguage":"val","@id":"https:\/\/giragiradis.com\/val\/#\/schema\/logo\/image\/","url":"https:\/\/giragiradis.com\/wp-content\/uploads\/2024\/10\/LOGO-V2-Negre_Blau.png","contentUrl":"https:\/\/giragiradis.com\/wp-content\/uploads\/2024\/10\/LOGO-V2-Negre_Blau.png","width":1200,"height":812,"caption":"Giragira distribuci\u00f3n teatral"},"image":{"@id":"https:\/\/giragiradis.com\/val\/#\/schema\/logo\/image\/"},"sameAs":["https:\/\/www.facebook.com\/Trencadispro\/timeline\/","https:\/\/www.instagram.com\/trencadis.produccions\/","https:\/\/www.youtube.com\/@giragiradis"]}]}},"_links":{"self":[{"href":"https:\/\/giragiradis.com\/val\/wp-json\/wp\/v2\/pages\/1622","targetHints":{"allow":["GET"]}}],"collection":[{"href":"https:\/\/giragiradis.com\/val\/wp-json\/wp\/v2\/pages"}],"about":[{"href":"https:\/\/giragiradis.com\/val\/wp-json\/wp\/v2\/types\/page"}],"author":[{"embeddable":true,"href":"https:\/\/giragiradis.com\/val\/wp-json\/wp\/v2\/users\/1"}],"replies":[{"embeddable":true,"href":"https:\/\/giragiradis.com\/val\/wp-json\/wp\/v2\/comments?post=1622"}],"version-history":[{"count":11,"href":"https:\/\/giragiradis.com\/val\/wp-json\/wp\/v2\/pages\/1622\/revisions"}],"predecessor-version":[{"id":3430,"href":"https:\/\/giragiradis.com\/val\/wp-json\/wp\/v2\/pages\/1622\/revisions\/3430"}],"wp:attachment":[{"href":"https:\/\/giragiradis.com\/val\/wp-json\/wp\/v2\/media?parent=1622"}],"wp:term":[{"taxonomy":"category","embeddable":true,"href":"https:\/\/giragiradis.com\/val\/wp-json\/wp\/v2\/categories?post=1622"},{"taxonomy":"post_tag","embeddable":true,"href":"https:\/\/giragiradis.com\/val\/wp-json\/wp\/v2\/tags?post=1622"}],"curies":[{"name":"wp","href":"https:\/\/api.w.org\/{rel}","templated":true}]}}